{"id":2,"date":"2013-04-26T11:11:14","date_gmt":"2013-04-26T11:11:14","guid":{"rendered":"http:\/\/die-fairleiher.de\/?page_id=2"},"modified":"2023-12-19T11:59:12","modified_gmt":"2023-12-19T09:59:12","slug":"beispiel-seite","status":"publish","type":"page","link":"https:\/\/die-fairleiher.de\/","title":{"rendered":"\u00dcber uns"},"content":{"rendered":"<blockquote>\n<h1><span style=\"font-size: 28px; color: #ff0000;\">Wir sind umgezogen!<\/span><\/h1>\n<\/blockquote>\n<blockquote>\n<h1><\/h1>\n<h1><span style=\"font-size: 28px; color: #ff0000;\">Burgenlandstr. 15 <\/span><\/h1>\n<h1><span style=\"font-size: 28px; color: #ff0000;\">70469 Stuttgart<\/span><\/h1>\n<\/blockquote>\n<h2><\/h2>\n<p>&nbsp;<\/p>\n<h2>Die Fairleiher<\/h2>\n<p>Wir sind Verleihbereich des Stadtjugendrings Stuttgart. Unser Name ist Programm.<br \/>\nWir verleihen zu fairen Bedingungen und sehen dies als Teil unseres Services f\u00fcr die Jugendverbandsarbeit. Unser Angebot umfasst viele Artikel, die f\u00fcr die allt\u00e4gliche Praxis im Jugendverband wichtig sind.<\/p>\n<p>Ob Busse, Zelte, Stromaggregat oder Musikanlage, f\u00fcr jedes Vorhaben k\u00f6nnen die unterschiedlichsten Materialien ausgeliehen und genutzt werden.<\/p>\n<p>Wenn wir etwas nicht selbst haben oder bei uns etwas verliehen ist, k\u00f6nnen wir eventuell auch weiterhelfen, da wir mit den Jugendringen der Region Stuttgart zusammenarbeiten.<\/p>\n<p>Sie erreichen &#8222;die Fairleiher&#8220; unter:\u00a0 (0711) 237 26 22<\/p>\n<p>oder per mail:\u00a0<a title=\"info@verleihderringe.de\">info@die-fairleiher.de<\/a><\/p>\n<p><strong>Lager zur Abholung und Abgabe:<\/strong><br \/>\nBurgenlandstr. 15, 70469 Stuttgart<\/p>\n","protected":false},"excerpt":{"rendered":"<p>Wir sind umgezogen! Burgenlandstr. 15 70469 Stuttgart &nbsp; Die Fairleiher Wir sind Verleihbereich des Stadtjugendrings Stuttgart. Unser Name ist Programm. Wir verleihen zu fairen Bedingungen und sehen dies als Teil unseres Services f\u00fcr die Jugendverbandsarbeit. Unser Angebot umfasst viele Artikel, &hellip; <a href=\"https:\/\/die-fairleiher.de\/\">Weiterlesen <span class=\"meta-nav\">&rarr;<\/span><\/a><\/p>\n","protected":false},"author":3,"featured_media":0,"parent":0,"menu_order":0,"comment_status":"closed","ping_status":"open","template":"","meta":{"footnotes":""},"class_list":["post-2","page","type-page","status-publish","hentry"],"_links":{"self":[{"href":"https:\/\/die-fairleiher.de\/index.php?rest_route=\/wp\/v2\/pages\/2","targetHints":{"allow":["GET"]}}],"collection":[{"href":"https:\/\/die-fairleiher.de\/index.php?rest_route=\/wp\/v2\/pages"}],"about":[{"href":"https:\/\/die-fairleiher.de\/index.php?rest_route=\/wp\/v2\/types\/page"}],"author":[{"embeddable":true,"href":"https:\/\/die-fairleiher.de\/index.php?rest_route=\/wp\/v2\/users\/3"}],"replies":[{"embeddable":true,"href":"https:\/\/die-fairleiher.de\/index.php?rest_route=%2Fwp%2Fv2%2Fcomments&post=2"}],"version-history":[{"count":23,"href":"https:\/\/die-fairleiher.de\/index.php?rest_route=\/wp\/v2\/pages\/2\/revisions"}],"predecessor-version":[{"id":238,"href":"https:\/\/die-fairleiher.de\/index.php?rest_route=\/wp\/v2\/pages\/2\/revisions\/238"}],"wp:attachment":[{"href":"https:\/\/die-fairleiher.de\/index.php?rest_route=%2Fwp%2Fv2%2Fmedia&parent=2"}],"curies":[{"name":"wp","href":"https:\/\/api.w.org\/{rel}","templated":true}]}}