{"id":147,"date":"2016-06-29T18:10:23","date_gmt":"2016-06-29T16:10:23","guid":{"rendered":"http:\/\/die-fairleiher.de\/?page_id=147"},"modified":"2020-03-23T12:03:24","modified_gmt":"2020-03-23T10:03:24","slug":"mobiler-soccer-court","status":"publish","type":"page","link":"https:\/\/die-fairleiher.de\/?page_id=147","title":{"rendered":"Mobiler Soccer-Court"},"content":{"rendered":"<p>In einem Anh\u00e4nger untergebracht und sehr gut zu transportieren ist der mobile Soccer-court. Mobiler Soccer-Court. Er eignet sich hervorragend f\u00fcr Vereinsfeste mit einer gro\u00dfen Anzahl von Besucher*innen. Auf dem Court k\u00f6nnen Mini-Turniere ausgerichtet werden, wobei die Teams auch spontan aus der Besucherschaft zusammengestellt werden k\u00f6nnen.<br \/>\nEbenso kann der Court auch eingesetzt werden, um geplante Outdoor-Turniere durchzuf\u00fchren.<br \/>\nF\u00fcr den Transport sind unsere Busse mit Anh\u00e4ngerkupplung geeignet.<\/p>\n<p><a href=\"http:\/\/die-fairleiher.de\/wp-content\/uploads\/2016\/06\/soccercourt.jpg\"><img loading=\"lazy\" decoding=\"async\" class=\"alignnone size-medium wp-image-155\" alt=\"soccercourt\" src=\"http:\/\/die-fairleiher.de\/wp-content\/uploads\/2016\/06\/soccercourt-300x139.jpg\" width=\"300\" height=\"139\" srcset=\"https:\/\/die-fairleiher.de\/wp-content\/uploads\/2016\/06\/soccercourt-300x139.jpg 300w, https:\/\/die-fairleiher.de\/wp-content\/uploads\/2016\/06\/soccercourt-1024x476.jpg 1024w, https:\/\/die-fairleiher.de\/wp-content\/uploads\/2016\/06\/soccercourt-500x232.jpg 500w\" sizes=\"auto, (max-width: 300px) 100vw, 300px\" \/><\/a> <a href=\"http:\/\/die-fairleiher.de\/wp-content\/uploads\/2016\/06\/soccer_haenger.jpg\"><img loading=\"lazy\" decoding=\"async\" class=\"alignnone size-medium wp-image-156\" alt=\"soccer_haenger\" src=\"http:\/\/die-fairleiher.de\/wp-content\/uploads\/2016\/06\/soccer_haenger-300x225.jpg\" width=\"300\" height=\"225\" srcset=\"https:\/\/die-fairleiher.de\/wp-content\/uploads\/2016\/06\/soccer_haenger-300x225.jpg 300w, https:\/\/die-fairleiher.de\/wp-content\/uploads\/2016\/06\/soccer_haenger-400x300.jpg 400w, https:\/\/die-fairleiher.de\/wp-content\/uploads\/2016\/06\/soccer_haenger.jpg 1000w\" sizes=\"auto, (max-width: 300px) 100vw, 300px\" \/><\/a><\/p>\n<p><strong>Kosten:<\/strong><br \/>\nLeihgeb\u00fchr 150,00\u20ac\/Tag<\/p>\n","protected":false},"excerpt":{"rendered":"<p>In einem Anh\u00e4nger untergebracht und sehr gut zu transportieren ist der mobile Soccer-court. Mobiler Soccer-Court. Er eignet sich hervorragend f\u00fcr Vereinsfeste mit einer gro\u00dfen Anzahl von Besucher*innen. Auf dem Court k\u00f6nnen Mini-Turniere ausgerichtet werden, wobei die Teams auch spontan aus &hellip; <a href=\"https:\/\/die-fairleiher.de\/?page_id=147\">Weiterlesen <span class=\"meta-nav\">&rarr;<\/span><\/a><\/p>\n","protected":false},"author":3,"featured_media":0,"parent":22,"menu_order":65,"comment_status":"closed","ping_status":"closed","template":"","meta":{"footnotes":""},"class_list":["post-147","page","type-page","status-publish","hentry"],"_links":{"self":[{"href":"https:\/\/die-fairleiher.de\/index.php?rest_route=\/wp\/v2\/pages\/147","targetHints":{"allow":["GET"]}}],"collection":[{"href":"https:\/\/die-fairleiher.de\/index.php?rest_route=\/wp\/v2\/pages"}],"about":[{"href":"https:\/\/die-fairleiher.de\/index.php?rest_route=\/wp\/v2\/types\/page"}],"author":[{"embeddable":true,"href":"https:\/\/die-fairleiher.de\/index.php?rest_route=\/wp\/v2\/users\/3"}],"replies":[{"embeddable":true,"href":"https:\/\/die-fairleiher.de\/index.php?rest_route=%2Fwp%2Fv2%2Fcomments&post=147"}],"version-history":[{"count":10,"href":"https:\/\/die-fairleiher.de\/index.php?rest_route=\/wp\/v2\/pages\/147\/revisions"}],"predecessor-version":[{"id":225,"href":"https:\/\/die-fairleiher.de\/index.php?rest_route=\/wp\/v2\/pages\/147\/revisions\/225"}],"up":[{"embeddable":true,"href":"https:\/\/die-fairleiher.de\/index.php?rest_route=\/wp\/v2\/pages\/22"}],"wp:attachment":[{"href":"https:\/\/die-fairleiher.de\/index.php?rest_route=%2Fwp%2Fv2%2Fmedia&parent=147"}],"curies":[{"name":"wp","href":"https:\/\/api.w.org\/{rel}","templated":true}]}}