{"id":43,"date":"2014-07-09T12:24:09","date_gmt":"2014-07-09T10:24:09","guid":{"rendered":"http:\/\/die-fairleiher.de\/?page_id=43"},"modified":"2020-11-25T11:27:25","modified_gmt":"2020-11-25T09:27:25","slug":"unsere-preise","status":"publish","type":"page","link":"http:\/\/die-fairleiher.de\/?page_id=43","title":{"rendered":"Unsere Preise"},"content":{"rendered":"<p>Unsere Preise sind \u00e4u\u00dferst fair gehalten, damit die Kosten die sowieso knappen Budgets in der Jugendverbandsarbeit nicht \u00fcber Geb\u00fchr belasten. Wir unterscheiden daher zwischen Preisen f\u00fcr Mitglieder und externen Ausleihern.<\/p>\n<p>Die aktuelle <a href=\"http:\/\/die-fairleiher.de\/wp-content\/uploads\/2020\/11\/Preisliste_fairleiher_2020_1.pdf\" target=\"_blank\" rel=\"noopener\">Preisliste hier herunterladen<\/a><\/p>\n","protected":false},"excerpt":{"rendered":"<p>Unsere Preise sind \u00e4u\u00dferst fair gehalten, damit die Kosten die sowieso knappen Budgets in der Jugendverbandsarbeit nicht \u00fcber Geb\u00fchr belasten. Wir unterscheiden daher zwischen Preisen f\u00fcr Mitglieder und externen Ausleihern. Die aktuelle Preisliste hier herunterladen<\/p>\n","protected":false},"author":3,"featured_media":0,"parent":0,"menu_order":0,"comment_status":"closed","ping_status":"open","template":"","meta":{"footnotes":""},"class_list":["post-43","page","type-page","status-publish","hentry"],"_links":{"self":[{"href":"http:\/\/die-fairleiher.de\/index.php?rest_route=\/wp\/v2\/pages\/43","targetHints":{"allow":["GET"]}}],"collection":[{"href":"http:\/\/die-fairleiher.de\/index.php?rest_route=\/wp\/v2\/pages"}],"about":[{"href":"http:\/\/die-fairleiher.de\/index.php?rest_route=\/wp\/v2\/types\/page"}],"author":[{"embeddable":true,"href":"http:\/\/die-fairleiher.de\/index.php?rest_route=\/wp\/v2\/users\/3"}],"replies":[{"embeddable":true,"href":"http:\/\/die-fairleiher.de\/index.php?rest_route=%2Fwp%2Fv2%2Fcomments&post=43"}],"version-history":[{"count":12,"href":"http:\/\/die-fairleiher.de\/index.php?rest_route=\/wp\/v2\/pages\/43\/revisions"}],"predecessor-version":[{"id":235,"href":"http:\/\/die-fairleiher.de\/index.php?rest_route=\/wp\/v2\/pages\/43\/revisions\/235"}],"wp:attachment":[{"href":"http:\/\/die-fairleiher.de\/index.php?rest_route=%2Fwp%2Fv2%2Fmedia&parent=43"}],"curies":[{"name":"wp","href":"https:\/\/api.w.org\/{rel}","templated":true}]}}